{"id":68,"date":"2024-06-18T16:15:52","date_gmt":"2024-06-18T14:15:52","guid":{"rendered":"https:\/\/prokocomplementos.es\/?post_type=product&#038;p=68"},"modified":"2025-10-01T05:14:54","modified_gmt":"2025-10-01T03:14:54","slug":"pendientes-1","status":"publish","type":"product","link":"https:\/\/prokocomplementos.es\/?product=pendientes-1","title":{"rendered":"Pendientes 1"},"content":{"rendered":"<p>Nuestros Pendientes Exclusivos son la combinaci\u00f3n perfecta de sofisticaci\u00f3n y estilo. Meticulosamente dise\u00f1ados y elaborados con los materiales de m\u00e1s alta calidad, estos pendientes no solo realzan tu belleza, sino que tambi\u00e9n reflejan tu personalidad \u00fanica.<\/p>\n","protected":false},"excerpt":{"rendered":"<p>A\u00f1ade un toque de elegancia y distinci\u00f3n a tu look con nuestros Pendientes Exclusivos, dise\u00f1ados para destacar en cualquier ocasi\u00f3n.<\/p>\n","protected":false},"featured_media":69,"comment_status":"open","ping_status":"closed","template":"","meta":[],"product_brand":[],"product_cat":[16],"product_tag":[],"class_list":{"0":"post-68","1":"product","2":"type-product","3":"status-publish","4":"has-post-thumbnail","6":"product_cat-pendientes","8":"first","9":"instock","10":"taxable","11":"shipping-taxable","12":"purchasable","13":"product-type-simple"},"yoast_head":"<!-- This site is optimized with the Yoast SEO plugin v26.8 - https:\/\/yoast.com\/product\/yoast-seo-wordpress\/ -->\n<title>Pendientes 1 - Prok\u00f6 Complementos<\/title>\n<meta name=\"robots\" content=\"index, follow, max-snippet:-1, max-image-preview:large, max-video-preview:-1\" \/>\n<link rel=\"canonical\" href=\"https:\/\/prokocomplementos.es\/?product=pendientes-1\" \/>\n<meta property=\"og:locale\" content=\"es_ES\" \/>\n<meta property=\"og:type\" content=\"article\" \/>\n<meta property=\"og:title\" content=\"Pendientes 1 - Prok\u00f6 Complementos\" \/>\n<meta property=\"og:description\" content=\"A\u00f1ade un toque de elegancia y distinci\u00f3n a tu look con nuestros Pendientes Exclusivos, dise\u00f1ados para destacar en cualquier ocasi\u00f3n.\" \/>\n<meta property=\"og:url\" content=\"https:\/\/prokocomplementos.es\/?product=pendientes-1\" \/>\n<meta property=\"og:site_name\" content=\"Prok\u00f6 Complementos\" \/>\n<meta property=\"article:modified_time\" content=\"2025-10-01T03:14:54+00:00\" \/>\n<meta property=\"og:image\" content=\"https:\/\/prokocomplementos.es\/wp-content\/uploads\/2024\/06\/Snapinsta.app_217181639_331498435189743_3956554605486492305_n_1080.jpg\" \/>\n\t<meta property=\"og:image:width\" content=\"1080\" \/>\n\t<meta property=\"og:image:height\" content=\"1350\" \/>\n\t<meta property=\"og:image:type\" content=\"image\/jpeg\" \/>\n<meta name=\"twitter:card\" content=\"summary_large_image\" \/>\n<meta name=\"twitter:label1\" content=\"Tiempo de lectura\" \/>\n\t<meta name=\"twitter:data1\" content=\"1 minuto\" \/>\n<script type=\"application\/ld+json\" class=\"yoast-schema-graph\">{\"@context\":\"https:\/\/schema.org\",\"@graph\":[{\"@type\":\"WebPage\",\"@id\":\"https:\/\/prokocomplementos.es\/?product=pendientes-1\",\"url\":\"https:\/\/prokocomplementos.es\/?product=pendientes-1\",\"name\":\"Pendientes 1 - Prok\u00f6 Complementos\",\"isPartOf\":{\"@id\":\"https:\/\/prokocomplementos.es\/#website\"},\"primaryImageOfPage\":{\"@id\":\"https:\/\/prokocomplementos.es\/?product=pendientes-1#primaryimage\"},\"image\":{\"@id\":\"https:\/\/prokocomplementos.es\/?product=pendientes-1#primaryimage\"},\"thumbnailUrl\":\"https:\/\/prokocomplementos.es\/wp-content\/uploads\/2024\/06\/Snapinsta.app_217181639_331498435189743_3956554605486492305_n_1080.jpg\",\"datePublished\":\"2024-06-18T14:15:52+00:00\",\"dateModified\":\"2025-10-01T03:14:54+00:00\",\"breadcrumb\":{\"@id\":\"https:\/\/prokocomplementos.es\/?product=pendientes-1#breadcrumb\"},\"inLanguage\":\"es\",\"potentialAction\":[{\"@type\":\"ReadAction\",\"target\":[\"https:\/\/prokocomplementos.es\/?product=pendientes-1\"]}]},{\"@type\":\"ImageObject\",\"inLanguage\":\"es\",\"@id\":\"https:\/\/prokocomplementos.es\/?product=pendientes-1#primaryimage\",\"url\":\"https:\/\/prokocomplementos.es\/wp-content\/uploads\/2024\/06\/Snapinsta.app_217181639_331498435189743_3956554605486492305_n_1080.jpg\",\"contentUrl\":\"https:\/\/prokocomplementos.es\/wp-content\/uploads\/2024\/06\/Snapinsta.app_217181639_331498435189743_3956554605486492305_n_1080.jpg\",\"width\":1080,\"height\":1350},{\"@type\":\"BreadcrumbList\",\"@id\":\"https:\/\/prokocomplementos.es\/?product=pendientes-1#breadcrumb\",\"itemListElement\":[{\"@type\":\"ListItem\",\"position\":1,\"name\":\"Portada\",\"item\":\"https:\/\/prokocomplementos.es\/\"},{\"@type\":\"ListItem\",\"position\":2,\"name\":\"Tienda\",\"item\":\"https:\/\/prokocomplementos.es\/\"},{\"@type\":\"ListItem\",\"position\":3,\"name\":\"Pendientes 1\"}]},{\"@type\":\"WebSite\",\"@id\":\"https:\/\/prokocomplementos.es\/#website\",\"url\":\"https:\/\/prokocomplementos.es\/\",\"name\":\"Prok\u00f6 Complementos\",\"description\":\"Tus complementos artesanales de Zaragoza\",\"publisher\":{\"@id\":\"https:\/\/prokocomplementos.es\/#organization\"},\"potentialAction\":[{\"@type\":\"SearchAction\",\"target\":{\"@type\":\"EntryPoint\",\"urlTemplate\":\"https:\/\/prokocomplementos.es\/?s={search_term_string}\"},\"query-input\":{\"@type\":\"PropertyValueSpecification\",\"valueRequired\":true,\"valueName\":\"search_term_string\"}}],\"inLanguage\":\"es\"},{\"@type\":\"Organization\",\"@id\":\"https:\/\/prokocomplementos.es\/#organization\",\"name\":\"Prok\u00f6 Complementos\",\"url\":\"https:\/\/prokocomplementos.es\/\",\"logo\":{\"@type\":\"ImageObject\",\"inLanguage\":\"es\",\"@id\":\"https:\/\/prokocomplementos.es\/#\/schema\/logo\/image\/\",\"url\":\"https:\/\/prokocomplementos.es\/wp-content\/uploads\/2024\/06\/logo-proko-blanco.svg\",\"contentUrl\":\"https:\/\/prokocomplementos.es\/wp-content\/uploads\/2024\/06\/logo-proko-blanco.svg\",\"width\":149,\"height\":54,\"caption\":\"Prok\u00f6 Complementos\"},\"image\":{\"@id\":\"https:\/\/prokocomplementos.es\/#\/schema\/logo\/image\/\"}}]}<\/script>\n<!-- \/ Yoast SEO plugin. -->","yoast_head_json":{"title":"Pendientes 1 - Prok\u00f6 Complementos","robots":{"index":"index","follow":"follow","max-snippet":"max-snippet:-1","max-image-preview":"max-image-preview:large","max-video-preview":"max-video-preview:-1"},"canonical":"https:\/\/prokocomplementos.es\/?product=pendientes-1","og_locale":"es_ES","og_type":"article","og_title":"Pendientes 1 - Prok\u00f6 Complementos","og_description":"A\u00f1ade un toque de elegancia y distinci\u00f3n a tu look con nuestros Pendientes Exclusivos, dise\u00f1ados para destacar en cualquier ocasi\u00f3n.","og_url":"https:\/\/prokocomplementos.es\/?product=pendientes-1","og_site_name":"Prok\u00f6 Complementos","article_modified_time":"2025-10-01T03:14:54+00:00","og_image":[{"width":1080,"height":1350,"url":"https:\/\/prokocomplementos.es\/wp-content\/uploads\/2024\/06\/Snapinsta.app_217181639_331498435189743_3956554605486492305_n_1080.jpg","type":"image\/jpeg"}],"twitter_card":"summary_large_image","twitter_misc":{"Tiempo de lectura":"1 minuto"},"schema":{"@context":"https:\/\/schema.org","@graph":[{"@type":"WebPage","@id":"https:\/\/prokocomplementos.es\/?product=pendientes-1","url":"https:\/\/prokocomplementos.es\/?product=pendientes-1","name":"Pendientes 1 - Prok\u00f6 Complementos","isPartOf":{"@id":"https:\/\/prokocomplementos.es\/#website"},"primaryImageOfPage":{"@id":"https:\/\/prokocomplementos.es\/?product=pendientes-1#primaryimage"},"image":{"@id":"https:\/\/prokocomplementos.es\/?product=pendientes-1#primaryimage"},"thumbnailUrl":"https:\/\/prokocomplementos.es\/wp-content\/uploads\/2024\/06\/Snapinsta.app_217181639_331498435189743_3956554605486492305_n_1080.jpg","datePublished":"2024-06-18T14:15:52+00:00","dateModified":"2025-10-01T03:14:54+00:00","breadcrumb":{"@id":"https:\/\/prokocomplementos.es\/?product=pendientes-1#breadcrumb"},"inLanguage":"es","potentialAction":[{"@type":"ReadAction","target":["https:\/\/prokocomplementos.es\/?product=pendientes-1"]}]},{"@type":"ImageObject","inLanguage":"es","@id":"https:\/\/prokocomplementos.es\/?product=pendientes-1#primaryimage","url":"https:\/\/prokocomplementos.es\/wp-content\/uploads\/2024\/06\/Snapinsta.app_217181639_331498435189743_3956554605486492305_n_1080.jpg","contentUrl":"https:\/\/prokocomplementos.es\/wp-content\/uploads\/2024\/06\/Snapinsta.app_217181639_331498435189743_3956554605486492305_n_1080.jpg","width":1080,"height":1350},{"@type":"BreadcrumbList","@id":"https:\/\/prokocomplementos.es\/?product=pendientes-1#breadcrumb","itemListElement":[{"@type":"ListItem","position":1,"name":"Portada","item":"https:\/\/prokocomplementos.es\/"},{"@type":"ListItem","position":2,"name":"Tienda","item":"https:\/\/prokocomplementos.es\/"},{"@type":"ListItem","position":3,"name":"Pendientes 1"}]},{"@type":"WebSite","@id":"https:\/\/prokocomplementos.es\/#website","url":"https:\/\/prokocomplementos.es\/","name":"Prok\u00f6 Complementos","description":"Tus complementos artesanales de Zaragoza","publisher":{"@id":"https:\/\/prokocomplementos.es\/#organization"},"potentialAction":[{"@type":"SearchAction","target":{"@type":"EntryPoint","urlTemplate":"https:\/\/prokocomplementos.es\/?s={search_term_string}"},"query-input":{"@type":"PropertyValueSpecification","valueRequired":true,"valueName":"search_term_string"}}],"inLanguage":"es"},{"@type":"Organization","@id":"https:\/\/prokocomplementos.es\/#organization","name":"Prok\u00f6 Complementos","url":"https:\/\/prokocomplementos.es\/","logo":{"@type":"ImageObject","inLanguage":"es","@id":"https:\/\/prokocomplementos.es\/#\/schema\/logo\/image\/","url":"https:\/\/prokocomplementos.es\/wp-content\/uploads\/2024\/06\/logo-proko-blanco.svg","contentUrl":"https:\/\/prokocomplementos.es\/wp-content\/uploads\/2024\/06\/logo-proko-blanco.svg","width":149,"height":54,"caption":"Prok\u00f6 Complementos"},"image":{"@id":"https:\/\/prokocomplementos.es\/#\/schema\/logo\/image\/"}}]}},"_links":{"self":[{"href":"https:\/\/prokocomplementos.es\/index.php?rest_route=\/wp\/v2\/product\/68","targetHints":{"allow":["GET"]}}],"collection":[{"href":"https:\/\/prokocomplementos.es\/index.php?rest_route=\/wp\/v2\/product"}],"about":[{"href":"https:\/\/prokocomplementos.es\/index.php?rest_route=\/wp\/v2\/types\/product"}],"replies":[{"embeddable":true,"href":"https:\/\/prokocomplementos.es\/index.php?rest_route=%2Fwp%2Fv2%2Fcomments&post=68"}],"version-history":[{"count":0,"href":"https:\/\/prokocomplementos.es\/index.php?rest_route=\/wp\/v2\/product\/68\/revisions"}],"wp:featuredmedia":[{"embeddable":true,"href":"https:\/\/prokocomplementos.es\/index.php?rest_route=\/wp\/v2\/media\/69"}],"wp:attachment":[{"href":"https:\/\/prokocomplementos.es\/index.php?rest_route=%2Fwp%2Fv2%2Fmedia&parent=68"}],"wp:term":[{"taxonomy":"product_brand","embeddable":true,"href":"https:\/\/prokocomplementos.es\/index.php?rest_route=%2Fwp%2Fv2%2Fproduct_brand&post=68"},{"taxonomy":"product_cat","embeddable":true,"href":"https:\/\/prokocomplementos.es\/index.php?rest_route=%2Fwp%2Fv2%2Fproduct_cat&post=68"},{"taxonomy":"product_tag","embeddable":true,"href":"https:\/\/prokocomplementos.es\/index.php?rest_route=%2Fwp%2Fv2%2Fproduct_tag&post=68"}],"curies":[{"name":"wp","href":"https:\/\/api.w.org\/{rel}","templated":true}]}}